{"id":7,"date":"2017-09-23T13:07:08","date_gmt":"2017-09-23T11:07:08","guid":{"rendered":"http:\/\/www.webcomics.it\/ironskull\/?page_id=2"},"modified":"2023-11-14T14:39:09","modified_gmt":"2023-11-14T13:39:09","slug":"fumetti-goldenage","status":"publish","type":"page","link":"https:\/\/www.anacanapana.it\/theironskull\/index.php\/fumetti-goldenage\/","title":{"rendered":"I fumetti della Golden Age"},"content":{"rendered":"<div style=\"width: 1145px\" class=\"wp-caption alignnone\"><a href=\"https:\/\/comicvine.gamespot.com\/iron-skull\/4005-54998\/images\/\"><img loading=\"lazy\" decoding=\"async\" class=\"size-medium\" src=\"https:\/\/comicvine.gamespot.com\/a\/uploads\/original\/6\/69951\/1437077-centaur_iron_skull.jpg\" alt=\"Iron Skull\" width=\"1135\" height=\"385\" \/><\/a><p class=\"wp-caption-text\">The Iron Skull<\/p><\/div>\n<p>Tra fine anni &#8217;30 ed inizio anni &#8217;50 vi fu negli Stati Uniti una grossa fioritura di albi a fumetti di vario genere, con una netta prevalenza del supereroistico. A fine anni &#8217;50 era rimasto ben poco, un p\u00f2 per un calo delle vendite, un p\u00f2 per una campagna moralizzatrice contro i fumetti, un p\u00f2 per cause in tribunale, ed un p\u00f2 per un gettare la spugna forse non imprescindibile da parte di determinati editori.<br \/>\nScomparse molte case editrici, i loro personaggi sono finiti nel pubblico dominio; certuni lo sono, ma sono in uno stato un p\u00f2 ibrido, con il rischio di contestazioni; altri ancora, e pure noti, lo dovrebbero essere, secondo una corrente di pensiero, ma guai seri a provarci.<br \/>\nDal <span style=\"color: #333399;\"><a style=\"color: #333399;\" href=\"https:\/\/it.wikipedia.org\/wiki\/Giorno_del_pubblico_dominio\">2019<\/a><\/span>, con la decadenza del &#8220;Sonny Bono Act&#8221;, negli USA ricominciano progressivamente ad entrare nel Pubblico Dominio varie cose, ma per Superman bisogner\u00e0 aspettare il 2033.<br \/>\nIn questo blog, usufruendo del Pubblico Dominio, si prova ad adoperare alcuni personaggi scomparsi da lungo tempo, e che tornano cos\u00ec a calcare le scene &#8230;<\/p>\n","protected":false},"excerpt":{"rendered":"<p>Tra fine anni &#8217;30 ed inizio anni &#8217;50 vi fu negli Stati Uniti una grossa fioritura di albi a fumetti di vario genere, con una netta prevalenza del supereroistico. A fine anni &#8217;50 era rimasto ben poco, un p\u00f2 per un calo delle vendite, un p\u00f2 per una campagna moralizzatrice contro i fumetti, un p\u00f2 [&hellip;]<\/p>\n","protected":false},"author":1,"featured_media":0,"parent":0,"menu_order":0,"comment_status":"closed","ping_status":"open","template":"","meta":{"footnotes":""},"class_list":["post-7","page","type-page","status-publish","hentry"],"_links":{"self":[{"href":"https:\/\/www.anacanapana.it\/theironskull\/index.php\/wp-json\/wp\/v2\/pages\/7","targetHints":{"allow":["GET"]}}],"collection":[{"href":"https:\/\/www.anacanapana.it\/theironskull\/index.php\/wp-json\/wp\/v2\/pages"}],"about":[{"href":"https:\/\/www.anacanapana.it\/theironskull\/index.php\/wp-json\/wp\/v2\/types\/page"}],"author":[{"embeddable":true,"href":"https:\/\/www.anacanapana.it\/theironskull\/index.php\/wp-json\/wp\/v2\/users\/1"}],"replies":[{"embeddable":true,"href":"https:\/\/www.anacanapana.it\/theironskull\/index.php\/wp-json\/wp\/v2\/comments?post=7"}],"version-history":[{"count":2,"href":"https:\/\/www.anacanapana.it\/theironskull\/index.php\/wp-json\/wp\/v2\/pages\/7\/revisions"}],"predecessor-version":[{"id":526,"href":"https:\/\/www.anacanapana.it\/theironskull\/index.php\/wp-json\/wp\/v2\/pages\/7\/revisions\/526"}],"wp:attachment":[{"href":"https:\/\/www.anacanapana.it\/theironskull\/index.php\/wp-json\/wp\/v2\/media?parent=7"}],"curies":[{"name":"wp","href":"https:\/\/api.w.org\/{rel}","templated":true}]}}